{"id":41,"date":"2019-07-17T13:41:33","date_gmt":"2019-07-17T11:41:33","guid":{"rendered":"https:\/\/www.podsluch.pl\/?page_id=41"},"modified":"2021-11-29T13:39:09","modified_gmt":"2021-11-29T12:39:09","slug":"wykrywanie-podsluchu-warszawa","status":"publish","type":"page","link":"https:\/\/www.podsluch.pl\/index.php\/wykrywanie-podsluchu-warszawa\/","title":{"rendered":"Kontakt"},"content":{"rendered":"\t\t<div data-elementor-type=\"wp-page\" data-elementor-id=\"41\" class=\"elementor elementor-41\" data-elementor-settings=\"[]\">\n\t\t\t\t\t\t<div class=\"elementor-inner\">\n\t\t\t\t\t\t\t<div class=\"elementor-section-wrap\">\n\t\t\t\t\t\t\t<section class=\"elementor-section elementor-top-section elementor-element elementor-element-49d1024 elementor-section-boxed elementor-section-height-default elementor-section-height-default\" data-id=\"49d1024\" data-element_type=\"section\">\n\t\t\t\t\t\t<div class=\"elementor-container elementor-column-gap-default\">\n\t\t\t\t\t\t\t<div class=\"elementor-row\">\n\t\t\t\t\t<div class=\"elementor-column elementor-col-100 elementor-top-column elementor-element elementor-element-fe3d4cb\" data-id=\"fe3d4cb\" data-element_type=\"column\">\n\t\t\t<div class=\"elementor-column-wrap elementor-element-populated\">\n\t\t\t\t\t\t\t<div class=\"elementor-widget-wrap\">\n\t\t\t\t\t\t<div class=\"elementor-element elementor-element-2f22f783 elementor-widget elementor-widget-text-editor\" data-id=\"2f22f783\" data-element_type=\"widget\" data-widget_type=\"text-editor.default\">\n\t\t\t\t<div class=\"elementor-widget-container\">\n\t\t\t\t\t\t\t\t<div class=\"elementor-text-editor elementor-clearfix\">\n\t\t\t\t<h2 style=\"text-align: center;\"><span style=\"vertical-align: inherit;\"><span style=\"vertical-align: inherit;\">Wykrywanie GPS<\/span><\/span><br><img loading=\"lazy\" class=\"aligncenter wp-image-48\" src=\"https:\/\/www.podsluch.pl\/wp-content\/uploads\/2019\/07\/logo-300-300x187.png\" alt=\"Wykrywanie GPS Warszawa.\" width=\"148\" height=\"92\"><\/h2>\n<p style=\"text-align: center;\"><span style=\"vertical-align: inherit;\"><span style=\"vertical-align: inherit;\"><span style=\"vertical-align: inherit;\"><span style=\"vertical-align: inherit;\"><span style=\"vertical-align: inherit;\"><span style=\"vertical-align: inherit;\">Wykrywanie pods\u0142uchu Warszawa. Wszystkie podj\u0119te kontakty z Euro-Soft obj\u0119te s\u0105 klauzul\u0105 tajemnicy s\u0142u\u017cbowej.<\/span><\/span><\/span><\/span><\/span><\/span><\/p>\n<p style=\"text-align: center;\">01-466 Warszawa ul. Powsta\u0144c\u00f3w \u015al\u0105skich 124 p.5<br><span style=\"vertical-align: inherit;\"><span style=\"vertical-align: inherit;\"><span style=\"vertical-align: inherit;\"><span style=\"vertical-align: inherit;\"><span style=\"vertical-align: inherit;\"><span style=\"vertical-align: inherit;\"><span style=\"vertical-align: inherit;\"><span style=\"vertical-align: inherit;\">&nbsp; <\/span><\/span><\/span><\/span><\/span><\/span><\/span><\/span><span style=\"vertical-align: inherit;\"><span style=\"vertical-align: inherit;\"><span style=\"vertical-align: inherit;\"><span style=\"vertical-align: inherit;\"><span style=\"vertical-align: inherit;\"><span style=\"vertical-align: inherit;\"><span style=\"vertical-align: inherit;\"><span style=\"vertical-align: inherit;\">tel. kom. 501-159-903, 502-161-904<\/span><\/span><\/span><\/span><\/span><\/span><\/span><\/span><\/p>\n<p style=\"text-align: center;\"><span style=\"vertical-align: inherit;\"><span style=\"vertical-align: inherit;\"><span style=\"vertical-align: inherit;\"><span style=\"vertical-align: inherit;\"><span style=\"vertical-align: inherit;\"><span style=\"vertical-align: inherit;\"><span style=\"vertical-align: inherit;\"><span style=\"vertical-align: inherit;\">e-mail: eurosoft@euro-soft.pl<\/span><\/span><\/span><\/span><\/span><\/span><\/span><\/span><\/p>\n<p style=\"text-align: center;\"><span style=\"vertical-align: inherit;\"><span style=\"vertical-align: inherit;\"><span style=\"vertical-align: inherit;\"><span style=\"vertical-align: inherit;\"><span style=\"vertical-align: inherit;\"><span style=\"vertical-align: inherit;\"><span style=\"vertical-align: inherit;\"><span style=\"vertical-align: inherit;\">Godziny otwarcia<\/span><\/span><\/span><\/span><\/span><\/span><\/span><\/span><span style=\"vertical-align: inherit;\"><span style=\"vertical-align: inherit;\"><span style=\"vertical-align: inherit;\"><span style=\"vertical-align: inherit;\"><span style=\"vertical-align: inherit;\"><span style=\"vertical-align: inherit;\"><span style=\"vertical-align: inherit;\"><span style=\"vertical-align: inherit;\"> pon.-pt. 11.00-17.00<\/span><\/span><\/span><\/span><\/span><\/span><\/span><\/span><\/p>\n<p style=\"text-align: center;\"><span style=\"vertical-align: inherit;\"><span style=\"vertical-align: inherit;\"><span style=\"vertical-align: inherit;\"><span style=\"vertical-align: inherit;\"><span style=\"vertical-align: inherit;\"><span style=\"vertical-align: inherit;\"><span style=\"vertical-align: inherit;\"><span style=\"vertical-align: inherit;\">Dojazd.<\/span><\/span><\/span><\/span><\/span><\/span><\/span><\/span><br><span style=\"vertical-align: inherit;\"><span style=\"vertical-align: inherit;\"><span style=\"vertical-align: inherit;\"><span style=\"vertical-align: inherit;\"><span style=\"vertical-align: inherit;\"><span style=\"vertical-align: inherit;\"><span style=\"vertical-align: inherit;\"><span style=\"vertical-align: inherit;\">Autobus:&nbsp; 112, 122, 171, 184, 220.<\/span><\/span><\/span><\/span><\/span><\/span><\/span><\/span><br><span style=\"vertical-align: inherit;\"><span style=\"vertical-align: inherit;\"><span style=\"vertical-align: inherit;\"><span style=\"vertical-align: inherit;\"><span style=\"vertical-align: inherit;\"><span style=\"vertical-align: inherit;\"><span style=\"vertical-align: inherit;\"><span style=\"vertical-align: inherit;\">Tramwaj: 28, 35, 10, 23,24,26.<\/span><\/span><\/span><\/span><\/span><\/span><\/span><\/span><\/p>\n<h4 style=\"text-align: center;\"><a href=\"http:\/\/podsluch.pl\" target=\"_blank\" rel=\"noopener\"><strong>CHU Bemowo pawilon 5<\/strong><\/a><\/h4>\n<p><iframe loading=\"lazy\" style=\"border: 2;\" src=\"https:\/\/www.google.com\/maps\/embed?pb=!1m14!1m8!1m3!1d4883.859798472828!2d20.928289!3d52.262818!3m2!1i1024!2i768!4f13.1!3m3!1m2!1s0x471eca52b5e5840b%3A0xd307b769b858d533!2zUG93c3RhxYRjw7N3IMWabMSFc2tpY2ggMTI0LCAwMS00NjYgV2Fyc3phd2E!5e0!3m2!1spl!2spl!4v1513095108768\" width=\"600\" height=\"450\" frameborder=\"0\" allowfullscreen=\"allowfullscreen\"><\/iframe><\/p>\n<h3 style=\"text-align: center;\"><a href=\"https:\/\/www.euro-soft.pl\/\" target=\"_blank\" rel=\"noopener\"><span style=\"vertical-align: inherit;\"><span style=\"vertical-align: inherit;\"><span style=\"vertical-align: inherit;\"><span style=\"vertical-align: inherit;\"><span style=\"vertical-align: inherit;\"><span style=\"vertical-align: inherit;\"><span style=\"vertical-align: inherit;\"><span style=\"vertical-align: inherit;\">Zapraszamy do Euro-Soft&nbsp;<\/span><\/span><\/span><\/span><\/span><\/span><\/span><\/span><br><\/a><\/h3>\t\t\t\t\t<\/div>\n\t\t\t\t\t\t<\/div>\n\t\t\t\t<\/div>\n\t\t\t\t\t\t<\/div>\n\t\t\t\t\t<\/div>\n\t\t<\/div>\n\t\t\t\t\t\t\t\t<\/div>\n\t\t\t\t\t<\/div>\n\t\t<\/section>\n\t\t\t\t\t\t<\/div>\n\t\t\t\t\t\t<\/div>\n\t\t\t\t\t<\/div>\n\t\t","protected":false},"excerpt":{"rendered":"<p>Wykrywanie GPS Wykrywanie pods\u0142uchu Warszawa. Wszystkie podj\u0119te kontakty z Euro-Soft obj\u0119te s\u0105 klauzul\u0105 tajemnicy s\u0142u\u017cbowej. 01-466 Warszawa ul. Powsta\u0144c\u00f3w \u015al\u0105skich 124 p.5&nbsp; tel. kom. 501-159-903,<\/p>\n","protected":false},"author":1,"featured_media":567,"parent":0,"menu_order":4,"comment_status":"closed","ping_status":"closed","template":"","meta":[],"_links":{"self":[{"href":"https:\/\/www.podsluch.pl\/index.php\/wp-json\/wp\/v2\/pages\/41"}],"collection":[{"href":"https:\/\/www.podsluch.pl\/index.php\/wp-json\/wp\/v2\/pages"}],"about":[{"href":"https:\/\/www.podsluch.pl\/index.php\/wp-json\/wp\/v2\/types\/page"}],"author":[{"embeddable":true,"href":"https:\/\/www.podsluch.pl\/index.php\/wp-json\/wp\/v2\/users\/1"}],"replies":[{"embeddable":true,"href":"https:\/\/www.podsluch.pl\/index.php\/wp-json\/wp\/v2\/comments?post=41"}],"version-history":[{"count":117,"href":"https:\/\/www.podsluch.pl\/index.php\/wp-json\/wp\/v2\/pages\/41\/revisions"}],"predecessor-version":[{"id":1301,"href":"https:\/\/www.podsluch.pl\/index.php\/wp-json\/wp\/v2\/pages\/41\/revisions\/1301"}],"wp:featuredmedia":[{"embeddable":true,"href":"https:\/\/www.podsluch.pl\/index.php\/wp-json\/wp\/v2\/media\/567"}],"wp:attachment":[{"href":"https:\/\/www.podsluch.pl\/index.php\/wp-json\/wp\/v2\/media?parent=41"}],"curies":[{"name":"wp","href":"https:\/\/api.w.org\/{rel}","templated":true}]}}