{"id":102,"date":"2019-07-18T08:08:35","date_gmt":"2019-07-18T06:08:35","guid":{"rendered":"https:\/\/www.podsluch.pl\/?page_id=102"},"modified":"2021-02-19T06:42:10","modified_gmt":"2021-02-19T05:42:10","slug":"wykrywanie-gps-warszawa","status":"publish","type":"page","link":"https:\/\/www.podsluch.pl\/index.php\/wykrywanie-gps-warszawa\/","title":{"rendered":"Wykrywanie GPS &#8211; rekomendacje"},"content":{"rendered":"\t\t<div data-elementor-type=\"wp-page\" data-elementor-id=\"102\" class=\"elementor elementor-102\" data-elementor-settings=\"[]\">\n\t\t\t\t\t\t<div class=\"elementor-inner\">\n\t\t\t\t\t\t\t<div class=\"elementor-section-wrap\">\n\t\t\t\t\t\t\t<section class=\"elementor-section elementor-top-section elementor-element elementor-element-d43175a elementor-section-boxed elementor-section-height-default elementor-section-height-default\" data-id=\"d43175a\" data-element_type=\"section\">\n\t\t\t\t\t\t<div class=\"elementor-container elementor-column-gap-default\">\n\t\t\t\t\t\t\t<div class=\"elementor-row\">\n\t\t\t\t\t<div class=\"elementor-column elementor-col-100 elementor-top-column elementor-element elementor-element-70bb7af1\" data-id=\"70bb7af1\" data-element_type=\"column\">\n\t\t\t<div class=\"elementor-column-wrap elementor-element-populated\">\n\t\t\t\t\t\t\t<div class=\"elementor-widget-wrap\">\n\t\t\t\t\t\t<div class=\"elementor-element elementor-element-3e473314 elementor-widget elementor-widget-text-editor\" data-id=\"3e473314\" data-element_type=\"widget\" data-widget_type=\"text-editor.default\">\n\t\t\t\t<div class=\"elementor-widget-container\">\n\t\t\t\t\t\t\t\t<div class=\"elementor-text-editor elementor-clearfix\">\n\t\t\t\t<h2 style=\"text-align: center;\">Wykrywanie GPS Warszawa<\/h2><p style=\"text-align: center;\">Nasze referencje \u015bwiadcz\u0105 o naszym poziomie merytorycznym.<\/p><p style=\"text-align: center;\"><img loading=\"lazy\" class=\"alignnone\" title=\"Przysi\u0119ga D\u0119blin \" src=\"https:\/\/www.euro-soft.pl\/media\/upload\/images\/wat\/przysi%C4%99ga.jpg\" alt=\"wyszukiwanie GPS\" width=\"425\" height=\"272\" \/><\/p><p style=\"text-align: center;\"><img loading=\"lazy\" class=\"alignnone\" title=\"wykrywanie pods\u0142uchu warszawa\" src=\"https:\/\/www.euro-soft.pl\/media\/upload\/images\/wat\/wat1.png\" alt=\"GPS wykrywanie\" width=\"428\" height=\"149\" \/><\/p><p style=\"text-align: center;\"><img loading=\"lazy\" class=\"alignnone wp-image-445\" src=\"https:\/\/www.podsluch.pl\/wp-content\/uploads\/2019\/10\/dyplom.jpg\" alt=\"Krzy\u017c z\u0142oty z Gwiazd\u0105\" width=\"532\" height=\"719\" \/><\/p><h2 style=\"text-align: center;\"><a href=\"https:\/\/www.euro-soft.pl\/joomla\/index.php\/uprawnienia\" target=\"_blank\" rel=\"noopener\">Wpis do Rejestru Bieg\u0142ych S\u0105dowych.<\/a><\/h2><p style=\"text-align: center;\">Powo\u0142anie na funkcje bieg\u0142ego S\u0105du Okr\u0119gowego w Warszawie o specjalno\u015bci &#8222;odczyt telefonu, w tym odczyt skasowanych wiadomo\u015bci SMS&#8221;&#8230;&#8230;..<\/p><p style=\"text-align: center;\"><img loading=\"lazy\" class=\"alignnone\" style=\"border: 1px solid black;\" title=\"Wykrywanie pods\u0142uchu Warszawa\" src=\"https:\/\/www.podsluch.pl\/wp-content\/uploads\/2019\/07\/odczyt-sms-bieg\u0142y.jpg\" alt=\"GPS wykrywanie Warszawa\" width=\"500\" height=\"805\" \/><\/p><h3 style=\"text-align: center;\">Powo\u0142anie na funkcje bieg\u0142ego S\u0105du Okr\u0119gowego w Warszawie w zakresie kryminalistyka o specjalno\u015bci wykrywanie pods\u0142uchu.<\/h3><p style=\"text-align: center;\"><img loading=\"lazy\" style=\"border: 1px solid black;\" title=\"Wykrywanie pods\u0142uchu Warszawa\" src=\"https:\/\/www.euro-soft.pl\/joomla\/images\/biegly11424.jpg\" alt=\"Wykrywanie pods\u0142uchu Warszawa\" width=\"500\" height=\"805\" \/><\/p><h3 style=\"text-align: center;\"><span style=\"font-size: 10pt;\">Jako absolwent Wojskowej Akademii Technicznej szczeg\u00f3lnie ceni\u0119 sobie mo\u017cliwo\u015b\u0107 wsp\u00f3\u0142pracy z KBM WAT.<\/span><\/h3><p style=\"text-align: center;\"><img loading=\"lazy\" style=\"border: 2px solid black;\" title=\"wykrywanie pods\u0142uchu warszawa,wykrywanie gps warszawa, wykrywanie pods\u0142uch\u00f3w\" src=\"https:\/\/www.euro-soft.pl\/images\/ref\/ref05.jpg\" alt=\"wykrywanie pods\u0142uchu warszawa,wykrywanie gps warszawa, wykrywanie pods\u0142uch\u00f3w\" width=\"532\" height=\"732\" \/><\/p><p style=\"text-align: center;\"><img loading=\"lazy\" title=\"wykrywanie pods\u0142uchu warszawa,wykrywanie gps warszawa, wykrywanie pods\u0142uch\u00f3w\" src=\"https:\/\/www.euro-soft.pl\/images\/BN.jpg\" alt=\"wykrywanie pods\u0142uchu warszawa,wykrywanie gps warszawa, wykrywanie pods\u0142uch\u00f3w\" width=\"532\" height=\"366\" \/><br \/><img loading=\"lazy\" style=\"border: 2px solid black;\" title=\"wykrywanie pods\u0142uchu warszawa,wykrywanie gps warszawa, wykrywanie pods\u0142uch\u00f3w\" src=\"https:\/\/www.euro-soft.pl\/images\/ref\/ref04.jpg\" alt=\"wykrywanie pods\u0142uchu warszawa,wykrywanie gps warszawa, wykrywanie pods\u0142uch\u00f3w\" width=\"532\" height=\"764\" \/><\/p><p style=\"text-align: center;\"><img loading=\"lazy\" style=\"border: 2px solid black;\" title=\"wykrywanie pods\u0142uchu warszawa,wykrywanie gps warszawa, wykrywanie pods\u0142uch\u00f3w\" src=\"https:\/\/www.euro-soft.pl\/images\/ref\/ref03.jpg\" alt=\"wykrywanie pods\u0142uchu warszawa,wykrywanie gps warszawa, wykrywanie pods\u0142uch\u00f3w\" width=\"532\" height=\"846\" \/><\/p><p style=\"text-align: center;\"><img loading=\"lazy\" style=\"border: 2px solid black;\" title=\"wykrywanie pods\u0142uchu warszawa,wykrywanie gps warszawa, wykrywanie pods\u0142uch\u00f3w\" src=\"https:\/\/www.euro-soft.pl\/images\/ST1.jpg\" alt=\"wykrywanie pods\u0142uchu warszawa,wykrywanie gps warszawa, wykrywanie pods\u0142uch\u00f3w\" width=\"532\" height=\"780\" \/><\/p><p style=\"text-align: center;\"><a href=\"https:\/\/www.podsluch.pl\/\">Wykrywanie GPS, wykrywanie pods\u0142uchu.<\/a><\/p>\t\t\t\t\t<\/div>\n\t\t\t\t\t\t<\/div>\n\t\t\t\t<\/div>\n\t\t\t\t\t\t<\/div>\n\t\t\t\t\t<\/div>\n\t\t<\/div>\n\t\t\t\t\t\t\t\t<\/div>\n\t\t\t\t\t<\/div>\n\t\t<\/section>\n\t\t\t\t\t\t<\/div>\n\t\t\t\t\t\t<\/div>\n\t\t\t\t\t<\/div>\n\t\t","protected":false},"excerpt":{"rendered":"<p>Wykrywanie GPS Warszawa Nasze referencje \u015bwiadcz\u0105 o naszym poziomie merytorycznym. Wpis do Rejestru Bieg\u0142ych S\u0105dowych. Powo\u0142anie na funkcje bieg\u0142ego S\u0105du Okr\u0119gowego w Warszawie o specjalno\u015bci<\/p>\n","protected":false},"author":1,"featured_media":172,"parent":0,"menu_order":3,"comment_status":"closed","ping_status":"closed","template":"","meta":[],"_links":{"self":[{"href":"https:\/\/www.podsluch.pl\/index.php\/wp-json\/wp\/v2\/pages\/102"}],"collection":[{"href":"https:\/\/www.podsluch.pl\/index.php\/wp-json\/wp\/v2\/pages"}],"about":[{"href":"https:\/\/www.podsluch.pl\/index.php\/wp-json\/wp\/v2\/types\/page"}],"author":[{"embeddable":true,"href":"https:\/\/www.podsluch.pl\/index.php\/wp-json\/wp\/v2\/users\/1"}],"replies":[{"embeddable":true,"href":"https:\/\/www.podsluch.pl\/index.php\/wp-json\/wp\/v2\/comments?post=102"}],"version-history":[{"count":31,"href":"https:\/\/www.podsluch.pl\/index.php\/wp-json\/wp\/v2\/pages\/102\/revisions"}],"predecessor-version":[{"id":910,"href":"https:\/\/www.podsluch.pl\/index.php\/wp-json\/wp\/v2\/pages\/102\/revisions\/910"}],"wp:featuredmedia":[{"embeddable":true,"href":"https:\/\/www.podsluch.pl\/index.php\/wp-json\/wp\/v2\/media\/172"}],"wp:attachment":[{"href":"https:\/\/www.podsluch.pl\/index.php\/wp-json\/wp\/v2\/media?parent=102"}],"curies":[{"name":"wp","href":"https:\/\/api.w.org\/{rel}","templated":true}]}}